{"id":5837,"date":"2023-07-16T17:07:20","date_gmt":"2023-07-16T14:07:20","guid":{"rendered":"https:\/\/taitung.eu\/?page_id=5837"},"modified":"2023-07-17T00:38:05","modified_gmt":"2023-07-16T21:38:05","slug":"despre","status":"publish","type":"page","link":"https:\/\/taitung.eu\/index.php\/despre\/","title":{"rendered":"Despre"},"content":{"rendered":"<p>Halli Hallo,<\/p>\n<p>Uite o revist\u0103 mi\u0219to!<\/p>\n<p>\u021aaitung a \u00eensemnat at\u00e2t pentru noi, c\u00e2t \u0219i pentru \u00eentreg liceul un reper al creativit\u0103\u021bii, al talentului \u0219i al colegialit\u0103\u021bii.<\/p>\n<p>Revista a demonstrat de-al lungul anilor faptul c\u0103 exist\u0103 elevi talenta\u021bi, dornici de a-\u0219i expune arta lumii. Fie materiale jurnalistice, fie crea\u021bii literare, \u021aaitung a reprezentat un mediu sigur \u0219i ofertant pentru to\u021bi cei care vor s\u0103 creeze.<\/p>\n<p style=\"text-align: center;\"><em>Al\u0103tura-te nou\u0103 \u0219i vom construi \u00eempreun\u0103, pagin\u0103 cu pagin\u0103, viitorul revistei care a \u00eenso\u021bit prin excelen\u021b\u0103 genera\u021bii \u00eentregi de co\u0219buceni!<\/em><\/p>\n<p>&nbsp;<\/p>\n<p><img loading=\"lazy\" decoding=\"async\" class=\"aligncenter size-large wp-image-5845\" src=\"https:\/\/taitung.eu\/wp-content\/uploads\/2023\/07\/IMG-20230717-WA0000-884x1024.jpg\" alt=\"\" width=\"830\" height=\"961\" srcset=\"https:\/\/taitung.eu\/wp-content\/uploads\/2023\/07\/IMG-20230717-WA0000-884x1024.jpg 884w, https:\/\/taitung.eu\/wp-content\/uploads\/2023\/07\/IMG-20230717-WA0000-259x300.jpg 259w, https:\/\/taitung.eu\/wp-content\/uploads\/2023\/07\/IMG-20230717-WA0000-768x889.jpg 768w, https:\/\/taitung.eu\/wp-content\/uploads\/2023\/07\/IMG-20230717-WA0000-850x984.jpg 850w, https:\/\/taitung.eu\/wp-content\/uploads\/2023\/07\/IMG-20230717-WA0000.jpg 1185w\" sizes=\"auto, (max-width: 830px) 100vw, 830px\" \/><\/p>\n","protected":false},"excerpt":{"rendered":"<p>Halli Hallo, Uite o revist\u0103 mi\u0219to! \u021aaitung a \u00eensemnat at\u00e2t pentru noi, c\u00e2t \u0219i pentru \u00eentreg liceul un reper al creativit\u0103\u021bii, al talentului \u0219i al colegialit\u0103\u021bii. Revista a demonstrat de-al lungul anilor faptul c\u0103 exist\u0103 elevi talenta\u021bi, dornici de a-\u0219i expune arta lumii. Fie materiale jurnalistice, fie crea\u021bii literare, \u021aaitung a reprezentat un mediu sigur&hellip;<\/p>\n","protected":false},"author":79,"featured_media":0,"parent":0,"menu_order":0,"comment_status":"closed","ping_status":"closed","template":"","meta":{"footnotes":""},"class_list":["post-5837","page","type-page","status-publish","hentry"],"yoast_head":"<!-- This site is optimized with the Yoast SEO plugin v27.4 - https:\/\/yoast.com\/product\/yoast-seo-wordpress\/ -->\n<title>Despre -<\/title>\n<meta name=\"robots\" content=\"index, follow, max-snippet:-1, max-image-preview:large, max-video-preview:-1\" \/>\n<link rel=\"canonical\" href=\"https:\/\/taitung.eu\/index.php\/despre\/\" \/>\n<meta property=\"og:locale\" content=\"ro_RO\" \/>\n<meta property=\"og:type\" content=\"article\" \/>\n<meta property=\"og:title\" content=\"Despre -\" \/>\n<meta property=\"og:description\" content=\"Halli Hallo, Uite o revist\u0103 mi\u0219to! \u021aaitung a \u00eensemnat at\u00e2t pentru noi, c\u00e2t \u0219i pentru \u00eentreg liceul un reper al creativit\u0103\u021bii, al talentului \u0219i al colegialit\u0103\u021bii. Revista a demonstrat de-al lungul anilor faptul c\u0103 exist\u0103 elevi talenta\u021bi, dornici de a-\u0219i expune arta lumii. Fie materiale jurnalistice, fie crea\u021bii literare, \u021aaitung a reprezentat un mediu sigur&hellip;\" \/>\n<meta property=\"og:url\" content=\"https:\/\/taitung.eu\/index.php\/despre\/\" \/>\n<meta property=\"article:publisher\" content=\"https:\/\/www.facebook.com\/taitung.cosbuc\/\" \/>\n<meta property=\"article:modified_time\" content=\"2023-07-16T21:38:05+00:00\" \/>\n<meta property=\"og:image\" content=\"https:\/\/taitung.eu\/wp-content\/uploads\/2023\/07\/IMG-20230717-WA0000-884x1024.jpg\" \/>\n<meta name=\"twitter:card\" content=\"summary_large_image\" \/>\n<meta name=\"twitter:label1\" content=\"Timp estimat pentru citire\" \/>\n\t<meta name=\"twitter:data1\" content=\"1 minut\" \/>\n<script type=\"application\/ld+json\" class=\"yoast-schema-graph\">{\"@context\":\"https:\\\/\\\/schema.org\",\"@graph\":[{\"@type\":\"WebPage\",\"@id\":\"https:\\\/\\\/taitung.eu\\\/index.php\\\/despre\\\/\",\"url\":\"https:\\\/\\\/taitung.eu\\\/index.php\\\/despre\\\/\",\"name\":\"Despre -\",\"isPartOf\":{\"@id\":\"https:\\\/\\\/taitung.eu\\\/#website\"},\"primaryImageOfPage\":{\"@id\":\"https:\\\/\\\/taitung.eu\\\/index.php\\\/despre\\\/#primaryimage\"},\"image\":{\"@id\":\"https:\\\/\\\/taitung.eu\\\/index.php\\\/despre\\\/#primaryimage\"},\"thumbnailUrl\":\"https:\\\/\\\/taitung.eu\\\/wp-content\\\/uploads\\\/2023\\\/07\\\/IMG-20230717-WA0000-884x1024.jpg\",\"datePublished\":\"2023-07-16T14:07:20+00:00\",\"dateModified\":\"2023-07-16T21:38:05+00:00\",\"breadcrumb\":{\"@id\":\"https:\\\/\\\/taitung.eu\\\/index.php\\\/despre\\\/#breadcrumb\"},\"inLanguage\":\"ro-RO\",\"potentialAction\":[{\"@type\":\"ReadAction\",\"target\":[\"https:\\\/\\\/taitung.eu\\\/index.php\\\/despre\\\/\"]}]},{\"@type\":\"ImageObject\",\"inLanguage\":\"ro-RO\",\"@id\":\"https:\\\/\\\/taitung.eu\\\/index.php\\\/despre\\\/#primaryimage\",\"url\":\"https:\\\/\\\/taitung.eu\\\/wp-content\\\/uploads\\\/2023\\\/07\\\/IMG-20230717-WA0000.jpg\",\"contentUrl\":\"https:\\\/\\\/taitung.eu\\\/wp-content\\\/uploads\\\/2023\\\/07\\\/IMG-20230717-WA0000.jpg\",\"width\":1185,\"height\":1372},{\"@type\":\"BreadcrumbList\",\"@id\":\"https:\\\/\\\/taitung.eu\\\/index.php\\\/despre\\\/#breadcrumb\",\"itemListElement\":[{\"@type\":\"ListItem\",\"position\":1,\"name\":\"Home\",\"item\":\"https:\\\/\\\/taitung.eu\\\/\"},{\"@type\":\"ListItem\",\"position\":2,\"name\":\"Despre\"}]},{\"@type\":\"WebSite\",\"@id\":\"https:\\\/\\\/taitung.eu\\\/#website\",\"url\":\"https:\\\/\\\/taitung.eu\\\/\",\"name\":\"\",\"description\":\"Un blog de la elevi pentru elevi\",\"publisher\":{\"@id\":\"https:\\\/\\\/taitung.eu\\\/#organization\"},\"potentialAction\":[{\"@type\":\"SearchAction\",\"target\":{\"@type\":\"EntryPoint\",\"urlTemplate\":\"https:\\\/\\\/taitung.eu\\\/?s={search_term_string}\"},\"query-input\":{\"@type\":\"PropertyValueSpecification\",\"valueRequired\":true,\"valueName\":\"search_term_string\"}}],\"inLanguage\":\"ro-RO\"},{\"@type\":\"Organization\",\"@id\":\"https:\\\/\\\/taitung.eu\\\/#organization\",\"name\":\"\u021aaitung\",\"url\":\"https:\\\/\\\/taitung.eu\\\/\",\"logo\":{\"@type\":\"ImageObject\",\"inLanguage\":\"ro-RO\",\"@id\":\"https:\\\/\\\/taitung.eu\\\/#\\\/schema\\\/logo\\\/image\\\/\",\"url\":\"https:\\\/\\\/i0.wp.com\\\/taitung.eu\\\/wp-content\\\/uploads\\\/2017\\\/12\\\/taitung-1-160x160px.png?fit=160%2C160&ssl=1\",\"contentUrl\":\"https:\\\/\\\/i0.wp.com\\\/taitung.eu\\\/wp-content\\\/uploads\\\/2017\\\/12\\\/taitung-1-160x160px.png?fit=160%2C160&ssl=1\",\"width\":160,\"height\":160,\"caption\":\"\u021aaitung\"},\"image\":{\"@id\":\"https:\\\/\\\/taitung.eu\\\/#\\\/schema\\\/logo\\\/image\\\/\"},\"sameAs\":[\"https:\\\/\\\/www.facebook.com\\\/taitung.cosbuc\\\/\"]}]}<\/script>\n<!-- \/ Yoast SEO plugin. -->","yoast_head_json":{"title":"Despre -","robots":{"index":"index","follow":"follow","max-snippet":"max-snippet:-1","max-image-preview":"max-image-preview:large","max-video-preview":"max-video-preview:-1"},"canonical":"https:\/\/taitung.eu\/index.php\/despre\/","og_locale":"ro_RO","og_type":"article","og_title":"Despre -","og_description":"Halli Hallo, Uite o revist\u0103 mi\u0219to! \u021aaitung a \u00eensemnat at\u00e2t pentru noi, c\u00e2t \u0219i pentru \u00eentreg liceul un reper al creativit\u0103\u021bii, al talentului \u0219i al colegialit\u0103\u021bii. Revista a demonstrat de-al lungul anilor faptul c\u0103 exist\u0103 elevi talenta\u021bi, dornici de a-\u0219i expune arta lumii. Fie materiale jurnalistice, fie crea\u021bii literare, \u021aaitung a reprezentat un mediu sigur&hellip;","og_url":"https:\/\/taitung.eu\/index.php\/despre\/","article_publisher":"https:\/\/www.facebook.com\/taitung.cosbuc\/","article_modified_time":"2023-07-16T21:38:05+00:00","og_image":[{"url":"https:\/\/taitung.eu\/wp-content\/uploads\/2023\/07\/IMG-20230717-WA0000-884x1024.jpg","type":"","width":"","height":""}],"twitter_card":"summary_large_image","twitter_misc":{"Timp estimat pentru citire":"1 minut"},"schema":{"@context":"https:\/\/schema.org","@graph":[{"@type":"WebPage","@id":"https:\/\/taitung.eu\/index.php\/despre\/","url":"https:\/\/taitung.eu\/index.php\/despre\/","name":"Despre -","isPartOf":{"@id":"https:\/\/taitung.eu\/#website"},"primaryImageOfPage":{"@id":"https:\/\/taitung.eu\/index.php\/despre\/#primaryimage"},"image":{"@id":"https:\/\/taitung.eu\/index.php\/despre\/#primaryimage"},"thumbnailUrl":"https:\/\/taitung.eu\/wp-content\/uploads\/2023\/07\/IMG-20230717-WA0000-884x1024.jpg","datePublished":"2023-07-16T14:07:20+00:00","dateModified":"2023-07-16T21:38:05+00:00","breadcrumb":{"@id":"https:\/\/taitung.eu\/index.php\/despre\/#breadcrumb"},"inLanguage":"ro-RO","potentialAction":[{"@type":"ReadAction","target":["https:\/\/taitung.eu\/index.php\/despre\/"]}]},{"@type":"ImageObject","inLanguage":"ro-RO","@id":"https:\/\/taitung.eu\/index.php\/despre\/#primaryimage","url":"https:\/\/taitung.eu\/wp-content\/uploads\/2023\/07\/IMG-20230717-WA0000.jpg","contentUrl":"https:\/\/taitung.eu\/wp-content\/uploads\/2023\/07\/IMG-20230717-WA0000.jpg","width":1185,"height":1372},{"@type":"BreadcrumbList","@id":"https:\/\/taitung.eu\/index.php\/despre\/#breadcrumb","itemListElement":[{"@type":"ListItem","position":1,"name":"Home","item":"https:\/\/taitung.eu\/"},{"@type":"ListItem","position":2,"name":"Despre"}]},{"@type":"WebSite","@id":"https:\/\/taitung.eu\/#website","url":"https:\/\/taitung.eu\/","name":"","description":"Un blog de la elevi pentru elevi","publisher":{"@id":"https:\/\/taitung.eu\/#organization"},"potentialAction":[{"@type":"SearchAction","target":{"@type":"EntryPoint","urlTemplate":"https:\/\/taitung.eu\/?s={search_term_string}"},"query-input":{"@type":"PropertyValueSpecification","valueRequired":true,"valueName":"search_term_string"}}],"inLanguage":"ro-RO"},{"@type":"Organization","@id":"https:\/\/taitung.eu\/#organization","name":"\u021aaitung","url":"https:\/\/taitung.eu\/","logo":{"@type":"ImageObject","inLanguage":"ro-RO","@id":"https:\/\/taitung.eu\/#\/schema\/logo\/image\/","url":"https:\/\/i0.wp.com\/taitung.eu\/wp-content\/uploads\/2017\/12\/taitung-1-160x160px.png?fit=160%2C160&ssl=1","contentUrl":"https:\/\/i0.wp.com\/taitung.eu\/wp-content\/uploads\/2017\/12\/taitung-1-160x160px.png?fit=160%2C160&ssl=1","width":160,"height":160,"caption":"\u021aaitung"},"image":{"@id":"https:\/\/taitung.eu\/#\/schema\/logo\/image\/"},"sameAs":["https:\/\/www.facebook.com\/taitung.cosbuc\/"]}]}},"jetpack_sharing_enabled":true,"_links":{"self":[{"href":"https:\/\/taitung.eu\/index.php\/wp-json\/wp\/v2\/pages\/5837","targetHints":{"allow":["GET"]}}],"collection":[{"href":"https:\/\/taitung.eu\/index.php\/wp-json\/wp\/v2\/pages"}],"about":[{"href":"https:\/\/taitung.eu\/index.php\/wp-json\/wp\/v2\/types\/page"}],"author":[{"embeddable":true,"href":"https:\/\/taitung.eu\/index.php\/wp-json\/wp\/v2\/users\/79"}],"replies":[{"embeddable":true,"href":"https:\/\/taitung.eu\/index.php\/wp-json\/wp\/v2\/comments?post=5837"}],"version-history":[{"count":3,"href":"https:\/\/taitung.eu\/index.php\/wp-json\/wp\/v2\/pages\/5837\/revisions"}],"predecessor-version":[{"id":5847,"href":"https:\/\/taitung.eu\/index.php\/wp-json\/wp\/v2\/pages\/5837\/revisions\/5847"}],"wp:attachment":[{"href":"https:\/\/taitung.eu\/index.php\/wp-json\/wp\/v2\/media?parent=5837"}],"curies":[{"name":"wp","href":"https:\/\/api.w.org\/{rel}","templated":true}]}}